{"id":15,"date":"2021-11-18T10:54:52","date_gmt":"2021-11-18T09:54:52","guid":{"rendered":"http:\/\/imkerei.kuk-renner.at\/?page_id=15"},"modified":"2022-07-12T18:03:14","modified_gmt":"2022-07-12T16:03:14","slug":"impressum","status":"publish","type":"page","link":"https:\/\/imkerei.kuk-renner.at\/?page_id=15","title":{"rendered":"Impressum"},"content":{"rendered":"\n<p>Informationspflicht laut \u00a75 E-Commerce Gesetz, \u00a714 Unternehmensgesetzbuch, \u00a763 Gewerbeordnung und Offenlegungspflicht laut \u00a725 Mediengesetz.<\/p>\n\n\n\n<p><strong>Imkerei &#8211; Kurt Franz Renner<\/strong><br>Kurt Franz Renner<br>Vogelf\u00e4ngerweg 44\/2\/5,&nbsp;<br>4030 Linz,&nbsp;<br>\u00d6sterreich<\/p>\n\n\n\n<p><strong>Unternehmensgegenstand:<\/strong>\u00a0Landwirtschaft &#8211; Imkerei<br><strong>UID-Nummer:<\/strong>\u00a0<br><strong>Registrierungsnummer:<\/strong>\u00a05000874<\/p>\n\n\n\n<p><strong>Tel.:<\/strong>&nbsp;+436769114179<br><strong>E-Mail:<\/strong>&nbsp;<a>imkerei@kuk-renner.at<\/a><\/p>\n\n\n\n<p><strong>Mitglied bei:<\/strong>&nbsp;Imkerverein<\/p>\n\n\n\n<p><strong>Aufsichtsbeh\u00f6rde\/Gewerbebeh\u00f6rde:<\/strong>&nbsp;Bezirkshauptmannschaft Linz<br><strong>Berufsbezeichnung:<\/strong>&nbsp;Imker<br><strong>Verleihungsstaat:<\/strong>&nbsp;\u00d6sterreich<\/p>\n\n\n\n<p><strong>Kontaktdaten des Verantwortlichen f\u00fcr Datenschutz<\/strong><br>Sollten Sie Fragen zum Datenschutz haben, finden Sie nachfolgend die Kontaktdaten der verantwortlichen Person bzw. Stelle:<br>Kurt Franz Renner<br>Vogelf\u00e4ngerweg 44\/2\/5<br>4030 Linz, \u00d6sterreich<br><br>E-Mail-Adresse:&nbsp;<a>kurtfranzrenner@icloud.com<\/a><br>Telefon: +43 676 9114179<br>Impressum:&nbsp;<a href=\"http:\/\/imkerei.kuk-renner.at\/?page_id=15\" target=\"_blank\" rel=\"noreferrer noopener\">http:\/\/imkerei.kuk-renner.at\/impressum\/<\/a><\/p>\n\n\n\n<p>Quelle: Erstellt mit dem&nbsp;<a href=\"https:\/\/www.adsimple.at\/datenschutz-generator\/\" target=\"_blank\" rel=\"noreferrer noopener\">Datenschutz Generator<\/a>&nbsp;von AdSimple<\/p>\n","protected":false},"excerpt":{"rendered":"<p>Informationspflicht laut \u00a75 E-Commerce Gesetz, \u00a714 Unternehmensgesetzbuch, \u00a763 Gewerbeordnung und Offenlegungspflicht laut \u00a725 Mediengesetz. Imkerei &#8211; Kurt Franz RennerKurt Franz RennerVogelf\u00e4ngerweg 44\/2\/5,&nbsp;4030 Linz,&nbsp;\u00d6sterreich Unternehmensgegenstand:\u00a0Landwirtschaft &#8211; ImkereiUID-Nummer:\u00a0Registrierungsnummer:\u00a05000874 Tel.:&nbsp;+436769114179E-Mail:&nbsp;imkerei@kuk-renner.at Mitglied bei:&nbsp;Imkerverein Aufsichtsbeh\u00f6rde\/Gewerbebeh\u00f6rde:&nbsp;Bezirkshauptmannschaft LinzBerufsbezeichnung:&nbsp;ImkerVerleihungsstaat:&nbsp;\u00d6sterreich Kontaktdaten des Verantwortlichen f\u00fcr DatenschutzSollten Sie Fragen zum Datenschutz haben, finden Sie nachfolgend die Kontaktdaten der verantwortlichen Person bzw. Stelle:Kurt Franz RennerVogelf\u00e4ngerweg 44\/2\/54030 Linz, [&hellip;]<\/p>\n","protected":false},"author":1,"featured_media":0,"parent":0,"menu_order":0,"comment_status":"closed","ping_status":"closed","template":"","meta":{"footnotes":""},"class_list":["post-15","page","type-page","status-publish","hentry"],"_links":{"self":[{"href":"https:\/\/imkerei.kuk-renner.at\/index.php?rest_route=\/wp\/v2\/pages\/15","targetHints":{"allow":["GET"]}}],"collection":[{"href":"https:\/\/imkerei.kuk-renner.at\/index.php?rest_route=\/wp\/v2\/pages"}],"about":[{"href":"https:\/\/imkerei.kuk-renner.at\/index.php?rest_route=\/wp\/v2\/types\/page"}],"author":[{"embeddable":true,"href":"https:\/\/imkerei.kuk-renner.at\/index.php?rest_route=\/wp\/v2\/users\/1"}],"replies":[{"embeddable":true,"href":"https:\/\/imkerei.kuk-renner.at\/index.php?rest_route=%2Fwp%2Fv2%2Fcomments&post=15"}],"version-history":[{"count":6,"href":"https:\/\/imkerei.kuk-renner.at\/index.php?rest_route=\/wp\/v2\/pages\/15\/revisions"}],"predecessor-version":[{"id":358,"href":"https:\/\/imkerei.kuk-renner.at\/index.php?rest_route=\/wp\/v2\/pages\/15\/revisions\/358"}],"wp:attachment":[{"href":"https:\/\/imkerei.kuk-renner.at\/index.php?rest_route=%2Fwp%2Fv2%2Fmedia&parent=15"}],"curies":[{"name":"wp","href":"https:\/\/api.w.org\/{rel}","templated":true}]}}