{"id":54,"date":"2021-11-23T14:04:22","date_gmt":"2021-11-23T13:04:22","guid":{"rendered":"http:\/\/imkerei.kuk-renner.at\/?page_id=54"},"modified":"2021-11-24T10:09:14","modified_gmt":"2021-11-24T09:09:14","slug":"ausbildung","status":"publish","type":"page","link":"https:\/\/imkerei.kuk-renner.at\/?page_id=54","title":{"rendered":"Ausbildung"},"content":{"rendered":"\n<figure class=\"wp-block-image size-large\"><img loading=\"lazy\" decoding=\"async\" width=\"723\" height=\"1024\" src=\"http:\/\/imkerei.kuk-renner.at\/wp-content\/uploads\/2021\/11\/grundkurs-1-2013-723x1024.jpg\" alt=\"\" class=\"wp-image-43\" srcset=\"https:\/\/imkerei.kuk-renner.at\/wp-content\/uploads\/2021\/11\/grundkurs-1-2013-723x1024.jpg 723w, https:\/\/imkerei.kuk-renner.at\/wp-content\/uploads\/2021\/11\/grundkurs-1-2013-212x300.jpg 212w, https:\/\/imkerei.kuk-renner.at\/wp-content\/uploads\/2021\/11\/grundkurs-1-2013-768x1088.jpg 768w, https:\/\/imkerei.kuk-renner.at\/wp-content\/uploads\/2021\/11\/grundkurs-1-2013-1084x1536.jpg 1084w, https:\/\/imkerei.kuk-renner.at\/wp-content\/uploads\/2021\/11\/grundkurs-1-2013-1445x2048.jpg 1445w, https:\/\/imkerei.kuk-renner.at\/wp-content\/uploads\/2021\/11\/grundkurs-1-2013-1200x1701.jpg 1200w, https:\/\/imkerei.kuk-renner.at\/wp-content\/uploads\/2021\/11\/grundkurs-1-2013.jpg 1623w\" sizes=\"auto, (max-width: 723px) 100vw, 723px\" \/><figcaption>Imker:innen, Grundkurs Teil 1, 16. M\u00e4rz 2013<\/figcaption><\/figure>\n\n\n\n<figure class=\"wp-block-image size-large\"><img loading=\"lazy\" decoding=\"async\" width=\"723\" height=\"1024\" src=\"http:\/\/imkerei.kuk-renner.at\/wp-content\/uploads\/2021\/11\/grundkurs-2-2013-723x1024.jpg\" alt=\"\" class=\"wp-image-44\" srcset=\"https:\/\/imkerei.kuk-renner.at\/wp-content\/uploads\/2021\/11\/grundkurs-2-2013-723x1024.jpg 723w, https:\/\/imkerei.kuk-renner.at\/wp-content\/uploads\/2021\/11\/grundkurs-2-2013-212x300.jpg 212w, https:\/\/imkerei.kuk-renner.at\/wp-content\/uploads\/2021\/11\/grundkurs-2-2013-768x1088.jpg 768w, https:\/\/imkerei.kuk-renner.at\/wp-content\/uploads\/2021\/11\/grundkurs-2-2013-1084x1536.jpg 1084w, https:\/\/imkerei.kuk-renner.at\/wp-content\/uploads\/2021\/11\/grundkurs-2-2013-1445x2048.jpg 1445w, https:\/\/imkerei.kuk-renner.at\/wp-content\/uploads\/2021\/11\/grundkurs-2-2013-1200x1701.jpg 1200w, https:\/\/imkerei.kuk-renner.at\/wp-content\/uploads\/2021\/11\/grundkurs-2-2013.jpg 1623w\" sizes=\"auto, (max-width: 723px) 100vw, 723px\" \/><figcaption>Imker:innen, Grundkurs Teil 2, 23. M\u00e4rz 2013<\/figcaption><\/figure>\n\n\n\n<figure class=\"wp-block-image size-large\"><img loading=\"lazy\" decoding=\"async\" width=\"725\" height=\"1024\" src=\"http:\/\/imkerei.kuk-renner.at\/wp-content\/uploads\/2021\/11\/grundkurs-3-2013-725x1024.jpg\" alt=\"\" class=\"wp-image-45\" srcset=\"https:\/\/imkerei.kuk-renner.at\/wp-content\/uploads\/2021\/11\/grundkurs-3-2013-725x1024.jpg 725w, https:\/\/imkerei.kuk-renner.at\/wp-content\/uploads\/2021\/11\/grundkurs-3-2013-212x300.jpg 212w, https:\/\/imkerei.kuk-renner.at\/wp-content\/uploads\/2021\/11\/grundkurs-3-2013-768x1085.jpg 768w, https:\/\/imkerei.kuk-renner.at\/wp-content\/uploads\/2021\/11\/grundkurs-3-2013-1087x1536.jpg 1087w, https:\/\/imkerei.kuk-renner.at\/wp-content\/uploads\/2021\/11\/grundkurs-3-2013-1450x2048.jpg 1450w, https:\/\/imkerei.kuk-renner.at\/wp-content\/uploads\/2021\/11\/grundkurs-3-2013-1200x1695.jpg 1200w, https:\/\/imkerei.kuk-renner.at\/wp-content\/uploads\/2021\/11\/grundkurs-3-2013.jpg 1628w\" sizes=\"auto, (max-width: 725px) 100vw, 725px\" \/><figcaption>Imker:innen, Grundkurs Teil 3, 06. April 2013<\/figcaption><\/figure>\n\n\n\n<figure class=\"wp-block-image size-large\"><img loading=\"lazy\" decoding=\"async\" width=\"725\" height=\"1024\" src=\"http:\/\/imkerei.kuk-renner.at\/wp-content\/uploads\/2021\/11\/grundkurs-4-2013-725x1024.jpg\" alt=\"\" class=\"wp-image-46\" srcset=\"https:\/\/imkerei.kuk-renner.at\/wp-content\/uploads\/2021\/11\/grundkurs-4-2013-725x1024.jpg 725w, https:\/\/imkerei.kuk-renner.at\/wp-content\/uploads\/2021\/11\/grundkurs-4-2013-212x300.jpg 212w, https:\/\/imkerei.kuk-renner.at\/wp-content\/uploads\/2021\/11\/grundkurs-4-2013-768x1085.jpg 768w, https:\/\/imkerei.kuk-renner.at\/wp-content\/uploads\/2021\/11\/grundkurs-4-2013-1087x1536.jpg 1087w, https:\/\/imkerei.kuk-renner.at\/wp-content\/uploads\/2021\/11\/grundkurs-4-2013-1450x2048.jpg 1450w, https:\/\/imkerei.kuk-renner.at\/wp-content\/uploads\/2021\/11\/grundkurs-4-2013-1200x1695.jpg 1200w, https:\/\/imkerei.kuk-renner.at\/wp-content\/uploads\/2021\/11\/grundkurs-4-2013.jpg 1628w\" sizes=\"auto, (max-width: 725px) 100vw, 725px\" \/><figcaption>Imker:innen, Grundkurs Teil 4, 13. April 2013<\/figcaption><\/figure>\n\n\n\n<figure class=\"wp-block-image size-large\"><img loading=\"lazy\" decoding=\"async\" width=\"725\" height=\"1024\" src=\"http:\/\/imkerei.kuk-renner.at\/wp-content\/uploads\/2021\/11\/grundkurs-5-2013-725x1024.jpg\" alt=\"\" class=\"wp-image-47\" srcset=\"https:\/\/imkerei.kuk-renner.at\/wp-content\/uploads\/2021\/11\/grundkurs-5-2013-725x1024.jpg 725w, https:\/\/imkerei.kuk-renner.at\/wp-content\/uploads\/2021\/11\/grundkurs-5-2013-212x300.jpg 212w, https:\/\/imkerei.kuk-renner.at\/wp-content\/uploads\/2021\/11\/grundkurs-5-2013-768x1085.jpg 768w, https:\/\/imkerei.kuk-renner.at\/wp-content\/uploads\/2021\/11\/grundkurs-5-2013-1087x1536.jpg 1087w, https:\/\/imkerei.kuk-renner.at\/wp-content\/uploads\/2021\/11\/grundkurs-5-2013-1450x2048.jpg 1450w, https:\/\/imkerei.kuk-renner.at\/wp-content\/uploads\/2021\/11\/grundkurs-5-2013-1200x1695.jpg 1200w, https:\/\/imkerei.kuk-renner.at\/wp-content\/uploads\/2021\/11\/grundkurs-5-2013.jpg 1628w\" sizes=\"auto, (max-width: 725px) 100vw, 725px\" \/><figcaption>Imker:innen, Grundkurs Teil 5, 21. Mai 2013<\/figcaption><\/figure>\n\n\n\n<figure class=\"wp-block-image size-large\"><img loading=\"lazy\" decoding=\"async\" width=\"725\" height=\"1024\" src=\"http:\/\/imkerei.kuk-renner.at\/wp-content\/uploads\/2021\/11\/qualitaetsseminar-2013-725x1024.jpg\" alt=\"\" class=\"wp-image-48\" srcset=\"https:\/\/imkerei.kuk-renner.at\/wp-content\/uploads\/2021\/11\/qualitaetsseminar-2013-725x1024.jpg 725w, https:\/\/imkerei.kuk-renner.at\/wp-content\/uploads\/2021\/11\/qualitaetsseminar-2013-212x300.jpg 212w, https:\/\/imkerei.kuk-renner.at\/wp-content\/uploads\/2021\/11\/qualitaetsseminar-2013-768x1085.jpg 768w, https:\/\/imkerei.kuk-renner.at\/wp-content\/uploads\/2021\/11\/qualitaetsseminar-2013-1087x1536.jpg 1087w, https:\/\/imkerei.kuk-renner.at\/wp-content\/uploads\/2021\/11\/qualitaetsseminar-2013-1450x2048.jpg 1450w, https:\/\/imkerei.kuk-renner.at\/wp-content\/uploads\/2021\/11\/qualitaetsseminar-2013-1200x1695.jpg 1200w, https:\/\/imkerei.kuk-renner.at\/wp-content\/uploads\/2021\/11\/qualitaetsseminar-2013.jpg 1628w\" sizes=\"auto, (max-width: 725px) 100vw, 725px\" \/><figcaption>Imker:innen, Quali\u00e4tsseminar 2013, 08. April 2013<\/figcaption><\/figure>\n\n\n\n<figure class=\"wp-block-image size-large\"><img loading=\"lazy\" decoding=\"async\" width=\"725\" height=\"1024\" src=\"http:\/\/imkerei.kuk-renner.at\/wp-content\/uploads\/2021\/11\/koeniginnenzucht-2014-725x1024.jpg\" alt=\"\" class=\"wp-image-49\" srcset=\"https:\/\/imkerei.kuk-renner.at\/wp-content\/uploads\/2021\/11\/koeniginnenzucht-2014-725x1024.jpg 725w, https:\/\/imkerei.kuk-renner.at\/wp-content\/uploads\/2021\/11\/koeniginnenzucht-2014-212x300.jpg 212w, https:\/\/imkerei.kuk-renner.at\/wp-content\/uploads\/2021\/11\/koeniginnenzucht-2014-768x1085.jpg 768w, https:\/\/imkerei.kuk-renner.at\/wp-content\/uploads\/2021\/11\/koeniginnenzucht-2014-1087x1536.jpg 1087w, https:\/\/imkerei.kuk-renner.at\/wp-content\/uploads\/2021\/11\/koeniginnenzucht-2014-1450x2048.jpg 1450w, https:\/\/imkerei.kuk-renner.at\/wp-content\/uploads\/2021\/11\/koeniginnenzucht-2014-1200x1695.jpg 1200w, https:\/\/imkerei.kuk-renner.at\/wp-content\/uploads\/2021\/11\/koeniginnenzucht-2014.jpg 1628w\" sizes=\"auto, (max-width: 725px) 100vw, 725px\" \/><figcaption>Imker:innen, Die Vermehrung von Bienenk\u00f6niginnen Teil 1+2, 04. Juni 2014<\/figcaption><\/figure>\n\n\n\n<figure class=\"wp-block-image size-large\"><img loading=\"lazy\" decoding=\"async\" width=\"725\" height=\"1024\" src=\"http:\/\/imkerei.kuk-renner.at\/wp-content\/uploads\/2021\/11\/qualitaetsseminar-2014-725x1024.jpg\" alt=\"\" class=\"wp-image-50\" srcset=\"https:\/\/imkerei.kuk-renner.at\/wp-content\/uploads\/2021\/11\/qualitaetsseminar-2014-725x1024.jpg 725w, https:\/\/imkerei.kuk-renner.at\/wp-content\/uploads\/2021\/11\/qualitaetsseminar-2014-212x300.jpg 212w, https:\/\/imkerei.kuk-renner.at\/wp-content\/uploads\/2021\/11\/qualitaetsseminar-2014-768x1085.jpg 768w, https:\/\/imkerei.kuk-renner.at\/wp-content\/uploads\/2021\/11\/qualitaetsseminar-2014-1087x1536.jpg 1087w, https:\/\/imkerei.kuk-renner.at\/wp-content\/uploads\/2021\/11\/qualitaetsseminar-2014-1450x2048.jpg 1450w, https:\/\/imkerei.kuk-renner.at\/wp-content\/uploads\/2021\/11\/qualitaetsseminar-2014-1200x1695.jpg 1200w, https:\/\/imkerei.kuk-renner.at\/wp-content\/uploads\/2021\/11\/qualitaetsseminar-2014.jpg 1628w\" sizes=\"auto, (max-width: 725px) 100vw, 725px\" \/><figcaption>Imker:innen, Quali\u00e4tsseminar 2014, 30. September 2014<\/figcaption><\/figure>\n\n\n\n<figure class=\"wp-block-image size-large\"><img loading=\"lazy\" decoding=\"async\" width=\"725\" height=\"1024\" src=\"http:\/\/imkerei.kuk-renner.at\/wp-content\/uploads\/2021\/11\/waldtracht-2014-725x1024.jpg\" alt=\"\" class=\"wp-image-51\" srcset=\"https:\/\/imkerei.kuk-renner.at\/wp-content\/uploads\/2021\/11\/waldtracht-2014-725x1024.jpg 725w, https:\/\/imkerei.kuk-renner.at\/wp-content\/uploads\/2021\/11\/waldtracht-2014-212x300.jpg 212w, https:\/\/imkerei.kuk-renner.at\/wp-content\/uploads\/2021\/11\/waldtracht-2014-768x1085.jpg 768w, https:\/\/imkerei.kuk-renner.at\/wp-content\/uploads\/2021\/11\/waldtracht-2014-1087x1536.jpg 1087w, https:\/\/imkerei.kuk-renner.at\/wp-content\/uploads\/2021\/11\/waldtracht-2014-1450x2048.jpg 1450w, https:\/\/imkerei.kuk-renner.at\/wp-content\/uploads\/2021\/11\/waldtracht-2014-1200x1695.jpg 1200w, https:\/\/imkerei.kuk-renner.at\/wp-content\/uploads\/2021\/11\/waldtracht-2014.jpg 1628w\" sizes=\"auto, (max-width: 725px) 100vw, 725px\" \/><figcaption>Imker:innen, Die Waldtracht &#8211; eine naturkundliche Exkursion, 13. Juni 2014<\/figcaption><\/figure>\n\n\n\n<figure class=\"wp-block-image size-large\"><img loading=\"lazy\" decoding=\"async\" width=\"725\" height=\"1024\" src=\"http:\/\/imkerei.kuk-renner.at\/wp-content\/uploads\/2021\/11\/gesundheitsreferenten-schulung-2015-725x1024.jpg\" alt=\"\" class=\"wp-image-52\" srcset=\"https:\/\/imkerei.kuk-renner.at\/wp-content\/uploads\/2021\/11\/gesundheitsreferenten-schulung-2015-725x1024.jpg 725w, https:\/\/imkerei.kuk-renner.at\/wp-content\/uploads\/2021\/11\/gesundheitsreferenten-schulung-2015-212x300.jpg 212w, https:\/\/imkerei.kuk-renner.at\/wp-content\/uploads\/2021\/11\/gesundheitsreferenten-schulung-2015-768x1085.jpg 768w, https:\/\/imkerei.kuk-renner.at\/wp-content\/uploads\/2021\/11\/gesundheitsreferenten-schulung-2015-1087x1536.jpg 1087w, https:\/\/imkerei.kuk-renner.at\/wp-content\/uploads\/2021\/11\/gesundheitsreferenten-schulung-2015-1450x2048.jpg 1450w, https:\/\/imkerei.kuk-renner.at\/wp-content\/uploads\/2021\/11\/gesundheitsreferenten-schulung-2015-1200x1695.jpg 1200w, https:\/\/imkerei.kuk-renner.at\/wp-content\/uploads\/2021\/11\/gesundheitsreferenten-schulung-2015.jpg 1628w\" sizes=\"auto, (max-width: 725px) 100vw, 725px\" \/><figcaption>Imker:innen, Gesundheitsreferenten Schulung, 06. Februar 2015<\/figcaption><\/figure>\n\n\n\n<figure class=\"wp-block-image size-large\"><img loading=\"lazy\" decoding=\"async\" width=\"723\" height=\"1024\" src=\"http:\/\/imkerei.kuk-renner.at\/wp-content\/uploads\/2021\/11\/fa-praxis-warth-2015-723x1024.jpg\" alt=\"\" class=\"wp-image-56\" srcset=\"https:\/\/imkerei.kuk-renner.at\/wp-content\/uploads\/2021\/11\/fa-praxis-warth-2015-723x1024.jpg 723w, https:\/\/imkerei.kuk-renner.at\/wp-content\/uploads\/2021\/11\/fa-praxis-warth-2015-212x300.jpg 212w, https:\/\/imkerei.kuk-renner.at\/wp-content\/uploads\/2021\/11\/fa-praxis-warth-2015-768x1088.jpg 768w, https:\/\/imkerei.kuk-renner.at\/wp-content\/uploads\/2021\/11\/fa-praxis-warth-2015-1084x1536.jpg 1084w, https:\/\/imkerei.kuk-renner.at\/wp-content\/uploads\/2021\/11\/fa-praxis-warth-2015-1445x2048.jpg 1445w, https:\/\/imkerei.kuk-renner.at\/wp-content\/uploads\/2021\/11\/fa-praxis-warth-2015-1200x1701.jpg 1200w, https:\/\/imkerei.kuk-renner.at\/wp-content\/uploads\/2021\/11\/fa-praxis-warth-2015.jpg 1623w\" sizes=\"auto, (max-width: 723px) 100vw, 723px\" \/><figcaption>Imker:innen, Praxis f\u00fcr angehende Imkerfacharbeiter &#8211; N\u00d6 Imkerschule Warth-Aichhof, 11.-12. Mai 2015 <\/figcaption><\/figure>\n\n\n\n<p>Wo es leider keine Best\u00e4tigungen mehr gibt, war die Imkerschule Warth in Nieder\u00f6sterreich. Besucht wurden alle Module, leider fehlt die Facharbeiterpr\u00fcfung, da zwischenzeitlich sehr schwierige Zeiten auf mich zugekommen sind.<\/p>\n\n\n\n<figure class=\"wp-block-image size-large\"><img loading=\"lazy\" decoding=\"async\" width=\"768\" height=\"1024\" src=\"http:\/\/imkerei.kuk-renner.at\/wp-content\/uploads\/2021\/11\/zulassung_FA_imkerfacharbeiter_18_09_2015-768x1024.jpg\" alt=\"\" class=\"wp-image-59\" srcset=\"https:\/\/imkerei.kuk-renner.at\/wp-content\/uploads\/2021\/11\/zulassung_FA_imkerfacharbeiter_18_09_2015-768x1024.jpg 768w, https:\/\/imkerei.kuk-renner.at\/wp-content\/uploads\/2021\/11\/zulassung_FA_imkerfacharbeiter_18_09_2015-225x300.jpg 225w, https:\/\/imkerei.kuk-renner.at\/wp-content\/uploads\/2021\/11\/zulassung_FA_imkerfacharbeiter_18_09_2015-1152x1536.jpg 1152w, https:\/\/imkerei.kuk-renner.at\/wp-content\/uploads\/2021\/11\/zulassung_FA_imkerfacharbeiter_18_09_2015-1536x2048.jpg 1536w, https:\/\/imkerei.kuk-renner.at\/wp-content\/uploads\/2021\/11\/zulassung_FA_imkerfacharbeiter_18_09_2015-1200x1600.jpg 1200w, https:\/\/imkerei.kuk-renner.at\/wp-content\/uploads\/2021\/11\/zulassung_FA_imkerfacharbeiter_18_09_2015.jpg 1725w\" sizes=\"auto, (max-width: 768px) 100vw, 768px\" \/><figcaption>Antrag auf Zulassung zur Imkerfacharbeiterpr\u00fcfung 2015<br><strong>Modul 1: 13.10.2014 &#8211; 17.10.2014<br>Modul 2: 02.03.2015 &#8211; 06.03.2015<br>Modul 3: 09.03.2015 &#8211; 13.03.2015<br>Modul 4: <\/strong><br>Alle 3. Module wurden in der Landwirtschaftlichen Fachschule, N\u00d6 Imkerschule Warth-Aichhof absolviert. Das 4. Modul konnte wegen Scheidung nicht mehr absolviert werden, was auch der Grund war keine Bienen mehr zu Halten.<\/figcaption><\/figure>\n\n\n\n<figure class=\"wp-block-image size-large\"><img loading=\"lazy\" decoding=\"async\" width=\"723\" height=\"1024\" src=\"http:\/\/imkerei.kuk-renner.at\/wp-content\/uploads\/2021\/11\/bienengesundheit-2015-723x1024.jpg\" alt=\"\" class=\"wp-image-53\" srcset=\"https:\/\/imkerei.kuk-renner.at\/wp-content\/uploads\/2021\/11\/bienengesundheit-2015-723x1024.jpg 723w, https:\/\/imkerei.kuk-renner.at\/wp-content\/uploads\/2021\/11\/bienengesundheit-2015-212x300.jpg 212w, https:\/\/imkerei.kuk-renner.at\/wp-content\/uploads\/2021\/11\/bienengesundheit-2015-768x1088.jpg 768w, https:\/\/imkerei.kuk-renner.at\/wp-content\/uploads\/2021\/11\/bienengesundheit-2015-1084x1536.jpg 1084w, https:\/\/imkerei.kuk-renner.at\/wp-content\/uploads\/2021\/11\/bienengesundheit-2015-1445x2048.jpg 1445w, https:\/\/imkerei.kuk-renner.at\/wp-content\/uploads\/2021\/11\/bienengesundheit-2015-1200x1700.jpg 1200w, https:\/\/imkerei.kuk-renner.at\/wp-content\/uploads\/2021\/11\/bienengesundheit-2015.jpg 1640w\" sizes=\"auto, (max-width: 723px) 100vw, 723px\" \/><figcaption>Imker:innen, 6. Modul: Bienenkrankheiten, 13. April 2015<\/figcaption><\/figure>\n\n\n\n<figure class=\"wp-block-image size-large\"><img loading=\"lazy\" decoding=\"async\" width=\"723\" height=\"1024\" src=\"http:\/\/imkerei.kuk-renner.at\/wp-content\/uploads\/2021\/11\/belegstellenzeugnis_2016-723x1024.jpg\" alt=\"\" class=\"wp-image-62\" srcset=\"https:\/\/imkerei.kuk-renner.at\/wp-content\/uploads\/2021\/11\/belegstellenzeugnis_2016-723x1024.jpg 723w, https:\/\/imkerei.kuk-renner.at\/wp-content\/uploads\/2021\/11\/belegstellenzeugnis_2016-212x300.jpg 212w, https:\/\/imkerei.kuk-renner.at\/wp-content\/uploads\/2021\/11\/belegstellenzeugnis_2016-768x1088.jpg 768w, https:\/\/imkerei.kuk-renner.at\/wp-content\/uploads\/2021\/11\/belegstellenzeugnis_2016-1084x1536.jpg 1084w, https:\/\/imkerei.kuk-renner.at\/wp-content\/uploads\/2021\/11\/belegstellenzeugnis_2016-1445x2048.jpg 1445w, https:\/\/imkerei.kuk-renner.at\/wp-content\/uploads\/2021\/11\/belegstellenzeugnis_2016-1200x1701.jpg 1200w, https:\/\/imkerei.kuk-renner.at\/wp-content\/uploads\/2021\/11\/belegstellenzeugnis_2016.jpg 1623w\" sizes=\"auto, (max-width: 723px) 100vw, 723px\" \/><figcaption>Belegstellenzeugnis 2016<\/figcaption><\/figure>\n\n\n\n<figure class=\"wp-block-image size-large\"><img loading=\"lazy\" decoding=\"async\" width=\"723\" height=\"1024\" src=\"http:\/\/imkerei.kuk-renner.at\/wp-content\/uploads\/2021\/11\/wanderbescheinigung_2016-723x1024.jpg\" alt=\"\" class=\"wp-image-63\" srcset=\"https:\/\/imkerei.kuk-renner.at\/wp-content\/uploads\/2021\/11\/wanderbescheinigung_2016-723x1024.jpg 723w, https:\/\/imkerei.kuk-renner.at\/wp-content\/uploads\/2021\/11\/wanderbescheinigung_2016-212x300.jpg 212w, https:\/\/imkerei.kuk-renner.at\/wp-content\/uploads\/2021\/11\/wanderbescheinigung_2016-768x1088.jpg 768w, https:\/\/imkerei.kuk-renner.at\/wp-content\/uploads\/2021\/11\/wanderbescheinigung_2016-1084x1536.jpg 1084w, https:\/\/imkerei.kuk-renner.at\/wp-content\/uploads\/2021\/11\/wanderbescheinigung_2016-1445x2048.jpg 1445w, https:\/\/imkerei.kuk-renner.at\/wp-content\/uploads\/2021\/11\/wanderbescheinigung_2016-1200x1701.jpg 1200w, https:\/\/imkerei.kuk-renner.at\/wp-content\/uploads\/2021\/11\/wanderbescheinigung_2016.jpg 1623w\" sizes=\"auto, (max-width: 723px) 100vw, 723px\" \/><figcaption>Wanderbescheinigung 2016<\/figcaption><\/figure>\n","protected":false},"excerpt":{"rendered":"<p>Wo es leider keine Best\u00e4tigungen mehr gibt, war die Imkerschule Warth in Nieder\u00f6sterreich. Besucht wurden alle Module, leider fehlt die Facharbeiterpr\u00fcfung, da zwischenzeitlich sehr schwierige Zeiten auf mich zugekommen sind.<\/p>\n","protected":false},"author":1,"featured_media":0,"parent":0,"menu_order":0,"comment_status":"closed","ping_status":"closed","template":"","meta":{"footnotes":""},"class_list":["post-54","page","type-page","status-publish","hentry"],"_links":{"self":[{"href":"https:\/\/imkerei.kuk-renner.at\/index.php?rest_route=\/wp\/v2\/pages\/54","targetHints":{"allow":["GET"]}}],"collection":[{"href":"https:\/\/imkerei.kuk-renner.at\/index.php?rest_route=\/wp\/v2\/pages"}],"about":[{"href":"https:\/\/imkerei.kuk-renner.at\/index.php?rest_route=\/wp\/v2\/types\/page"}],"author":[{"embeddable":true,"href":"https:\/\/imkerei.kuk-renner.at\/index.php?rest_route=\/wp\/v2\/users\/1"}],"replies":[{"embeddable":true,"href":"https:\/\/imkerei.kuk-renner.at\/index.php?rest_route=%2Fwp%2Fv2%2Fcomments&post=54"}],"version-history":[{"count":4,"href":"https:\/\/imkerei.kuk-renner.at\/index.php?rest_route=\/wp\/v2\/pages\/54\/revisions"}],"predecessor-version":[{"id":64,"href":"https:\/\/imkerei.kuk-renner.at\/index.php?rest_route=\/wp\/v2\/pages\/54\/revisions\/64"}],"wp:attachment":[{"href":"https:\/\/imkerei.kuk-renner.at\/index.php?rest_route=%2Fwp%2Fv2%2Fmedia&parent=54"}],"curies":[{"name":"wp","href":"https:\/\/api.w.org\/{rel}","templated":true}]}}